{"id":204,"date":"2011-04-22T16:52:59","date_gmt":"2011-04-22T16:52:59","guid":{"rendered":"http:\/\/www.vita-blog.de\/?page_id=204"},"modified":"2014-06-03T11:38:18","modified_gmt":"2014-06-03T11:38:18","slug":"impressum","status":"publish","type":"page","link":"https:\/\/www.vita-blog.de\/?page_id=204","title":{"rendered":"Impressum"},"content":{"rendered":"<p><strong>Verantwortlich f\u00fcr Inhalt und Gestaltung dieser Seite:<\/strong><\/p>\n<p>Gabriele Taube (Dipl.Soz.P\u00e4d. und Heilpraktikerin)<\/p>\n<p>Tel.: 08321\/6762622<\/p>\n<p>Fax: 08323\/808199<\/p>\n<p>Email: <a href=\"mailto:gabriele@taube.info\">info@vita-blog.de<\/a><\/p>\n<p>Birkachweg 21<\/p>\n<p>D-87544 Gunzesried-S\u00e4ge<\/p>\n<p><strong>Datenschutz:<\/strong><br \/>\nSofern innerhalb des Internetangebotes die<br \/>\nM\u00f6glichkeit zur Eingabe pers\u00f6nlicher oder gesch\u00e4ftlicher Daten (eMailadressen,<br \/>\nNamen, Anschriften) besteht, so erfolgt die Preisgabe dieser Daten seitens des<br \/>\nNutzers auf ausdr\u00fccklich freiwilliger Basis. Ihre personenbezogenen Daten sind<br \/>\nbei uns sicher.<br \/>\n<strong>Vita-Blog <\/strong>behandelt alle personenbezogenen<br \/>\nDaten vertraulich. Die Daten werden nicht an Dritte<br \/>\nweitergegeben\/verkauft\/vermietet sondern einzig zum Zwecke der erforderlichen<br \/>\nErbringung der gew\u00fcnschten Leistung eingesetzt.<\/p>\n<p><strong>Serverprotokollierung:<\/strong><br \/>\nAlle Zugriffe auf diese Website werden &#8211;<br \/>\nwie allgemein \u00fcblich &#8211; mitprotokolliert. Unsere Protokolle beinhalten jeweils<br \/>\nDatum und Zeit, die Bezeichnung der von Ihnen angeforderten Seite (URL), die<br \/>\nBezeichnung des Rechners (IP-Adresse), von dem aus die Seite abgerufen wird und,<br \/>\nwenn diese Daten \u00fcbertragen werden, den Namen und die Versionsnummer des<br \/>\nverwendeten Browsers.<\/p>\n<p><strong>Haftungshinweis:<br \/>\n<\/strong><strong>Vita-Blog <\/strong>verweist auf die Webseiten Dritter. Obwohl <strong>Vita-Blog <\/strong>diese Dritten sorgf\u00e4ltig aussucht, \u00fcbernimmt <strong>Vita-Blog <\/strong>keine Verantwortung f\u00fcr Inhalte und die Datensicherheit von Dritten.<br \/>\n<strong>Vita-Blog <\/strong>\u00fcbernimmt keine Verantwortung daf\u00fcr, da\u00df die Inhalte ihrer eigenen Webseiten, oder die Inhalte verlinkter Seiten jederzeit korrekt, vollst\u00e4ndig und auf dem neuesten Stand befindlich sind. Trotz sorgf\u00e4ltiger inhaltlicher Kontrolle \u00fcbernehmen wir<br \/>\nkeine Haftung f\u00fcr die Inhalte externer Links. F\u00fcr den Inhalt der verlinkten<br \/>\nSeiten sind ausschlie\u00dflich deren Betreiber verantwortlich.<\/p>\n<p>Die Webseite steht im Eigentum des Inhabers der Domain <a href=\"http:\/\/www.vita-blog.de\/\"><span style=\"text-decoration: underline;\">www.vita-blog.de<\/span><\/a><br \/>\nGabriele Taube und es ist untersagt Bilder oder Texte zu kopieren und auf<br \/>\nanderen Webseiten einzusetzen, oder f\u00fcr fremde Zwecke zu gebrauchen, bzw. die<br \/>\nEmailadresse f\u00fcr Spam oder strafbare Handlungen einzusetzen. Wir behalten uns<br \/>\nbei Zuwiderhandlungen jegliche rechtliche Schritte vor.<\/p>\n","protected":false},"excerpt":{"rendered":"<p>Verantwortlich f\u00fcr Inhalt und Gestaltung dieser Seite: Gabriele Taube (Dipl.Soz.P\u00e4d. und Heilpraktikerin) Tel.: 08321\/6762622 Fax: 08323\/808199 Email: info@vita-blog.de Birkachweg 21 D-87544 Gunzesried-S\u00e4ge Datenschutz: Sofern innerhalb des Internetangebotes die M\u00f6glichkeit zur Eingabe pers\u00f6nlicher oder gesch\u00e4ftlicher Daten (eMailadressen, Namen, Anschriften) besteht, so &hellip; <a href=\"https:\/\/www.vita-blog.de\/?page_id=204\">Weiterlesen <span class=\"meta-nav\">&rarr;<\/span><\/a><\/p>\n","protected":false},"author":2,"featured_media":0,"parent":0,"menu_order":2,"comment_status":"closed","ping_status":"closed","template":"","meta":[],"_links":{"self":[{"href":"https:\/\/www.vita-blog.de\/index.php?rest_route=\/wp\/v2\/pages\/204"}],"collection":[{"href":"https:\/\/www.vita-blog.de\/index.php?rest_route=\/wp\/v2\/pages"}],"about":[{"href":"https:\/\/www.vita-blog.de\/index.php?rest_route=\/wp\/v2\/types\/page"}],"author":[{"embeddable":true,"href":"https:\/\/www.vita-blog.de\/index.php?rest_route=\/wp\/v2\/users\/2"}],"replies":[{"embeddable":true,"href":"https:\/\/www.vita-blog.de\/index.php?rest_route=%2Fwp%2Fv2%2Fcomments&post=204"}],"version-history":[{"count":8,"href":"https:\/\/www.vita-blog.de\/index.php?rest_route=\/wp\/v2\/pages\/204\/revisions"}],"predecessor-version":[{"id":1206,"href":"https:\/\/www.vita-blog.de\/index.php?rest_route=\/wp\/v2\/pages\/204\/revisions\/1206"}],"wp:attachment":[{"href":"https:\/\/www.vita-blog.de\/index.php?rest_route=%2Fwp%2Fv2%2Fmedia&parent=204"}],"curies":[{"name":"wp","href":"https:\/\/api.w.org\/{rel}","templated":true}]}}