{"id":2,"date":"2011-03-22T09:31:04","date_gmt":"2011-03-22T09:31:04","guid":{"rendered":""},"modified":"2014-06-03T11:47:00","modified_gmt":"2014-06-03T11:47:00","slug":"beispiel-seite","status":"publish","type":"page","link":"https:\/\/www.vita-blog.de\/?page_id=2","title":{"rendered":"Vita-Blog"},"content":{"rendered":"<p>Die\u00a0Motivation diesen Blog zu betreiben entspringt der Begeisterung f\u00fcr alles rund um das Thema <strong>Lebensqualit\u00e4t<\/strong>, welche die <strong>Gesundheit<\/strong> im wesentlichen ausmacht.<\/p>\n<p>Hier werden Ihnen\u00a0Methoden, \u00dcbungen, Seminare und B\u00fccher zur Gesundheitsbildung und f\u00fcr eine bessere Lebensqualit\u00e4t\u00a0zug\u00e4nglich gemacht.<\/p>\n<p>&nbsp;<\/p>\n","protected":false},"excerpt":{"rendered":"<p>Die\u00a0Motivation diesen Blog zu betreiben entspringt der Begeisterung f\u00fcr alles rund um das Thema Lebensqualit\u00e4t, welche die Gesundheit im wesentlichen ausmacht. Hier werden Ihnen\u00a0Methoden, \u00dcbungen, Seminare und B\u00fccher zur Gesundheitsbildung und f\u00fcr eine bessere Lebensqualit\u00e4t\u00a0zug\u00e4nglich gemacht. &nbsp;<\/p>\n","protected":false},"author":2,"featured_media":0,"parent":0,"menu_order":0,"comment_status":"closed","ping_status":"closed","template":"","meta":[],"_links":{"self":[{"href":"https:\/\/www.vita-blog.de\/index.php?rest_route=\/wp\/v2\/pages\/2"}],"collection":[{"href":"https:\/\/www.vita-blog.de\/index.php?rest_route=\/wp\/v2\/pages"}],"about":[{"href":"https:\/\/www.vita-blog.de\/index.php?rest_route=\/wp\/v2\/types\/page"}],"author":[{"embeddable":true,"href":"https:\/\/www.vita-blog.de\/index.php?rest_route=\/wp\/v2\/users\/2"}],"replies":[{"embeddable":true,"href":"https:\/\/www.vita-blog.de\/index.php?rest_route=%2Fwp%2Fv2%2Fcomments&post=2"}],"version-history":[{"count":5,"href":"https:\/\/www.vita-blog.de\/index.php?rest_route=\/wp\/v2\/pages\/2\/revisions"}],"predecessor-version":[{"id":1207,"href":"https:\/\/www.vita-blog.de\/index.php?rest_route=\/wp\/v2\/pages\/2\/revisions\/1207"}],"wp:attachment":[{"href":"https:\/\/www.vita-blog.de\/index.php?rest_route=%2Fwp%2Fv2%2Fmedia&parent=2"}],"curies":[{"name":"wp","href":"https:\/\/api.w.org\/{rel}","templated":true}]}}